{"id":281,"date":"2020-12-01T10:49:48","date_gmt":"2020-12-01T10:49:48","guid":{"rendered":"http:\/\/dschreckenberg.de\/?page_id=281"},"modified":"2023-10-04T12:51:32","modified_gmt":"2023-10-04T12:51:32","slug":"portfolio","status":"publish","type":"page","link":"https:\/\/dschreckenberg.de\/?page_id=281","title":{"rendered":"portfolio"},"content":{"rendered":"\n<h1 class=\"wp-block-heading has-secondary-color has-text-color has-extra-large-font-size\" style=\"margin-top:0px\">als Multimediachef <\/h1>\n\n\n\n<ul>\n<li>Redaktionsleitung eines dpa Landesdienstes<\/li>\n\n\n\n<li>Planung und Steuerung der aktuellen und langfristigen Berichterstattung in Wort, Bild und Video<\/li>\n\n\n\n<li>Betreuung der Fotografen und freien Mitarbeiter<\/li>\n\n\n\n<li>Ausbildung der Volont\u00e4re, multimediale Weiterbildung der Redakteure<\/li>\n<\/ul>\n\n\n\n<p class=\"has-secondary-color has-text-color has-extra-large-font-size\">als multimedialer Projektmanager<\/p>\n\n\n\n<ul>\n<li>Projektmanagement f\u00fcr multimedialen Content f\u00fcr namhafte Kunden aus Wirtschaft, Gesellschaft und Landesbeh\u00f6rden<\/li>\n\n\n\n<li>Inhaltliche und optische Konzeption von Magazinen, Brosch\u00fcren, Flyern, Sonderseiten (Print) und Webinhalten.<\/li>\n\n\n\n<li>Schlussredaktion f\u00fcr Print, Web &amp; Social Media<\/li>\n<\/ul>\n\n\n\n<p class=\"has-secondary-color has-text-color has-extra-large-font-size\">als Politik-Redakteur <\/p>\n\n\n\n<ul>\n<li>Redakteur vom Dienst: Nachrichtenauswahl, Seitensteuerung, Schlussredakteur, Traffic-Management<\/li>\n\n\n\n<li>Politik &amp; Newsredaktion: Recherche, Aktuelle News, Analysen, Interviews, Reportagen, Meinungsbeitr\u00e4ge<\/li>\n\n\n\n<li>Videoredaktion: Dreh- und Schnitt bei Au\u00dfeneins\u00e4tzen,<br>Konzepte f\u00fcr Storytelling<\/li>\n\n\n\n<li>Ausbildung der Volont\u00e4re<\/li>\n<\/ul>\n\n\n\n<p class=\"has-secondary-color has-text-color has-extra-large-font-size\">als Reporter und VJ<\/p>\n\n\n\n<ul>\n<li>Reporter f\u00fcr Regionales<\/li>\n\n\n\n<li>Videoreporter, Texter, Cutter<\/li>\n\n\n\n<li>Video-Ausbildung Volont\u00e4re &amp; Redakteure<\/li>\n<\/ul>\n","protected":false},"excerpt":{"rendered":"<p>als Multimediachef als multimedialer Projektmanager als Politik-Redakteur als Reporter und VJ<\/p>\n","protected":false},"author":1,"featured_media":0,"parent":0,"menu_order":1,"comment_status":"closed","ping_status":"closed","template":"","meta":{"footnotes":""},"_links":{"self":[{"href":"https:\/\/dschreckenberg.de\/index.php?rest_route=\/wp\/v2\/pages\/281"}],"collection":[{"href":"https:\/\/dschreckenberg.de\/index.php?rest_route=\/wp\/v2\/pages"}],"about":[{"href":"https:\/\/dschreckenberg.de\/index.php?rest_route=\/wp\/v2\/types\/page"}],"author":[{"embeddable":true,"href":"https:\/\/dschreckenberg.de\/index.php?rest_route=\/wp\/v2\/users\/1"}],"replies":[{"embeddable":true,"href":"https:\/\/dschreckenberg.de\/index.php?rest_route=%2Fwp%2Fv2%2Fcomments&post=281"}],"version-history":[{"count":6,"href":"https:\/\/dschreckenberg.de\/index.php?rest_route=\/wp\/v2\/pages\/281\/revisions"}],"predecessor-version":[{"id":320,"href":"https:\/\/dschreckenberg.de\/index.php?rest_route=\/wp\/v2\/pages\/281\/revisions\/320"}],"wp:attachment":[{"href":"https:\/\/dschreckenberg.de\/index.php?rest_route=%2Fwp%2Fv2%2Fmedia&parent=281"}],"curies":[{"name":"wp","href":"https:\/\/api.w.org\/{rel}","templated":true}]}}