{"id":5,"date":"2015-04-28T04:26:46","date_gmt":"2015-04-28T04:26:46","guid":{"rendered":"http:\/\/localhost\/wordpress\/?page_id=2"},"modified":"2023-10-04T12:47:52","modified_gmt":"2023-10-04T12:47:52","slug":"sample-page-2","status":"publish","type":"page","link":"https:\/\/dschreckenberg.de\/?page_id=5","title":{"rendered":"\u00fcber mich"},"content":{"rendered":"\n<h1 class=\"wp-block-heading has-secondary-color has-text-color has-extra-large-font-size\">Kind es Ruhrgebiets. <\/h1>\n\n\n\n<p>Journalismus gelernt bei Funke NRW. Sp\u00e4ter geschrieben f\u00fcr WAZ, derwesten, FAZ und dpa.<\/p>\n\n\n\n<p>Weiter in die Hauptstadt. Als Politikredakteur und Nachrichtenchef des Newsressorts bei t-online in Berlin.<\/p>\n\n\n\n<p>Irgendwann wieder in die Heimat zur\u00fcck &#8211; immer noch als Redakteur. Bei Heyst und CP. Dann schlie\u00dflich regionaler Multimediachef bei der dpa in D\u00fcsseldorf.<\/p>\n\n\n\n<p>Jetzt auf der Suche nach einer neuen Herausforderung.<\/p>\n\n\n\n<p>Au\u00dferdem: <\/p>\n\n\n\n<ul>\n<li>waz.de &amp; Sat1NRW (Videoredakteur &amp; Cutter)<\/li>\n\n\n\n<li>Express &amp; NRZ (freier Journalist)<\/li>\n\n\n\n<li>RadioNRW &amp; Reviersport (Hospitanz)<\/li>\n\n\n\n<li>Funke NRW, Endemol und Tresor TV (Aufnahmeleiter)<\/li>\n\n\n\n<li>Bachelor in Geschichte &amp; Medien in D\u00fcsseldorf (Studium)<\/li>\n<\/ul>\n","protected":false},"excerpt":{"rendered":"<p>Kind es Ruhrgebiets. Journalismus gelernt bei Funke NRW. Sp\u00e4ter geschrieben f\u00fcr WAZ, derwesten, FAZ und dpa. Weiter in die Hauptstadt. Als Politikredakteur und Nachrichtenchef des Newsressorts bei t-online in Berlin. Irgendwann wieder in die Heimat zur\u00fcck &#8211; immer noch als Redakteur. Bei Heyst und CP. Dann schlie\u00dflich regionaler Multimediachef bei der dpa in D\u00fcsseldorf. Jetzt [&hellip;]<\/p>\n","protected":false},"author":1,"featured_media":0,"parent":0,"menu_order":3,"comment_status":"closed","ping_status":"closed","template":"","meta":{"footnotes":""},"_links":{"self":[{"href":"https:\/\/dschreckenberg.de\/index.php?rest_route=\/wp\/v2\/pages\/5"}],"collection":[{"href":"https:\/\/dschreckenberg.de\/index.php?rest_route=\/wp\/v2\/pages"}],"about":[{"href":"https:\/\/dschreckenberg.de\/index.php?rest_route=\/wp\/v2\/types\/page"}],"author":[{"embeddable":true,"href":"https:\/\/dschreckenberg.de\/index.php?rest_route=\/wp\/v2\/users\/1"}],"replies":[{"embeddable":true,"href":"https:\/\/dschreckenberg.de\/index.php?rest_route=%2Fwp%2Fv2%2Fcomments&post=5"}],"version-history":[{"count":7,"href":"https:\/\/dschreckenberg.de\/index.php?rest_route=\/wp\/v2\/pages\/5\/revisions"}],"predecessor-version":[{"id":326,"href":"https:\/\/dschreckenberg.de\/index.php?rest_route=\/wp\/v2\/pages\/5\/revisions\/326"}],"wp:attachment":[{"href":"https:\/\/dschreckenberg.de\/index.php?rest_route=%2Fwp%2Fv2%2Fmedia&parent=5"}],"curies":[{"name":"wp","href":"https:\/\/api.w.org\/{rel}","templated":true}]}}